{"id":1296,"date":"2019-10-21T10:58:41","date_gmt":"2019-10-21T10:58:41","guid":{"rendered":"https:\/\/donpeppe.qodeinteractive.com\/?page_id=1296"},"modified":"2023-11-25T15:52:21","modified_gmt":"2023-11-25T15:52:21","slug":"contactez-nous","status":"publish","type":"page","link":"https:\/\/josepizz.fr\/?page_id=1296","title":{"rendered":"Contactez nous"},"content":{"rendered":"<p>[vc_row row_content_width=\u00a0\u00bbgrid\u00a0\u00bb content_text_aligment=\u00a0\u00bbleft\u00a0\u00bb css=\u00a0\u00bb.vc_custom_1574160501485{padding-top: 70px !important;padding-bottom: 150px !important;}\u00a0\u00bb][vc_column offset=\u00a0\u00bbvc_col-lg-6&Prime;]<div class=\"qodef-elements-holder   qodef-one-column  qodef-responsive-mode-768 \" ><div class=\"qodef-eh-item    \"  data-item-class=\"qodef-eh-custom-3180\">\n\t<div class=\"qodef-eh-item-inner\">\n\t\t<div class=\"qodef-eh-item-content qodef-eh-custom-3180\" style=\"padding: 30px 24% 32px 0\">\n\t\t\t<div class=\"qodef-section-title-holder  \" style=\"text-align: left\">\n\t<div class=\"qodef-st-inner\">\n                    <span class=\"qodef-st-subtitle\" >\n                A emporter, en livraison, ou sur place            <\/span>\n        \t\t\t\t\t<h2 class=\"qodef-st-title\" >\n                                    ENVIE D'UNE PIZZA ?                            <\/h2>\n\t\t\t\t\t\t\t<span class=\"qodef-st-text\" >\n\t\t\t\tPassez commande par t\u00e9l\u00e9phone ou venez d\u00e9jeuner sur place au calme de notre terrasse ombrag\u00e9es (le midi, du mardi au vendredi uniquement)\t\t\t<\/span>\n\t\t\t\t\t<\/div>\n<\/div>\t\t<\/div>\n\t<\/div>\n<\/div><\/div>[vc_row_inner][vc_column_inner]<div class=\"qodef-elements-holder   qodef-two-columns  qodef-responsive-mode-680 qodef-one-column-alignment-left\" ><div class=\"qodef-eh-item    \"  data-item-class=\"qodef-eh-custom-3084\" data-680=\"0 0 0 0\">\n\t<div class=\"qodef-eh-item-inner\">\n\t\t<div class=\"qodef-eh-item-content qodef-eh-custom-3084\" >\n\t\t\t[vc_single_image image=\u00a0\u00bb3487&Prime; img_size=\u00a0\u00bbmedium\u00a0\u00bb css_animation=\u00a0\u00bbfadeInLeft\u00a0\u00bb][vc_empty_space height=\u00a0\u00bb40px\u00a0\u00bb]<div class=\"qodef-section-title-holder  \" >\n\t<div class=\"qodef-st-inner\">\n        \t\t\t\t\t<h3 class=\"qodef-st-title\" style=\"color: #b7903c\">\n                                    NOUVELLE ADRESSE !                            <\/h3>\n\t\t\t\t\t\t\t<\/div>\n<\/div>[vc_empty_space height=\u00a0\u00bb40px\u00a0\u00bb][vc_custom_heading text=\u00a0\u00bbRoute de Saint Quentin<br \/>\n38210 Tullins-Fures\u00a0\u00bb font_container=\u00a0\u00bbtag:h2|font_size:36|text_align:left\u00a0\u00bb google_fonts=\u00a0\u00bbfont_family:Candal%3Aregular|font_style:400%20regular%3A400%3Anormal\u00a0\u00bb][vc_empty_space height=\u00a0\u00bb30px\u00a0\u00bb]\t\t<\/div>\n\t<\/div>\n<\/div><\/div>[\/vc_column_inner][\/vc_row_inner][\/vc_column][vc_column offset=\u00a0\u00bbvc_col-lg-6&Prime;][vc_gmaps link=\u00a0\u00bb#E-8_JTNDaWZyYW1lJTIwc3JjJTNEJTIyaHR0cHMlM0ElMkYlMkZ3d3cuZ29vZ2xlLmNvbSUyRm1hcHMlMkZlbWJlZCUzRnBiJTNEJTIxMW0xOCUyMTFtMTIlMjExbTMlMjExZDI4MDYuMzk3MTQ2NTYwNjU4NyUyMTJkNS40ODY3NjUwMTY2MDY2MTQlMjEzZDQ1LjMwMDQwMjU1MjM3NzIzJTIxMm0zJTIxMWYwJTIxMmYwJTIxM2YwJTIxM20yJTIxMWkxMDI0JTIxMmk3NjglMjE0ZjEzLjElMjEzbTMlMjExbTIlMjExczB4NDc4YWU4M2Q3OWM4NTkyMSUyNTNBMHhhMzYwNzMzOTZmMWE0OWY2JTIxMnNKb3MlMjVDMyUyNUE5JTI1MjBQaXp6JTIxNWUwJTIxM20yJTIxMXNmciUyMTJzZnIlMjE0djE2NTMwNDY1NTc1NDElMjE1bTIlMjExc2ZyJTIxMnNmciUyMiUyMHdpZHRoJTNEJTIyNjAwJTIyJTIwaGVpZ2h0JTNEJTIyNjAwJTIyJTIwc3R5bGUlM0QlMjJib3JkZXIlM0EwJTNCJTIyJTIwYWxsb3dmdWxsc2NyZWVuJTNEJTIyJTIyJTIwbG9hZGluZyUzRCUyMmxhenklMjIlMjByZWZlcnJlcnBvbGljeSUzRCUyMm5vLXJlZmVycmVyLXdoZW4tZG93bmdyYWRlJTIyJTNFJTNDJTJGaWZyYW1lJTNF\u00a0\u00bb][\/vc_column][\/vc_row][vc_row css=\u00a0\u00bb.vc_custom_1573214562339{padding-top: 300px !important;padding-bottom: 300px !important;background-image: url(https:\/\/donpeppe.qodeinteractive.com\/wp-content\/uploads\/2019\/11\/h2-img-1.jpg?id=2067) !important;}\u00a0\u00bb][vc_column][\/vc_column][\/vc_row][vc_row row_content_width=\u00a0\u00bbgrid\u00a0\u00bb css=\u00a0\u00bb.vc_custom_1572266605797{margin-top: -325px !important;margin-right: 0px !important;margin-left: 0px !important;background-color: #f7f7f2 !important;}\u00a0\u00bb][vc_column offset=\u00a0\u00bbvc_col-lg-6&Prime;]<div class=\"qodef-elements-holder   qodef-one-column  qodef-responsive-mode-768 \" ><div class=\"qodef-eh-item    \"  data-item-class=\"qodef-eh-custom-7594\" data-1025-1399=\"32px 8%\" data-680=\"77px 3%\">\n\t<div class=\"qodef-eh-item-inner\">\n\t\t<div class=\"qodef-eh-item-content qodef-eh-custom-7594\" style=\"padding: 32px 15%\">\n\t\t\t<div class=\"qodef-section-title-holder  \" >\n\t<div class=\"qodef-st-inner\">\n                    <span class=\"qodef-st-subtitle\" >\n                A votre service            <\/span>\n        \t\t\t\t\t<h2 class=\"qodef-st-title\" >\n                                    Horaires d'ouverture                            <\/h2>\n\t\t\t\t\t\t\t<span class=\"qodef-st-text\" style=\"margin-top: 11px\">\n\t\t\t\tNotre \u00e9quipe est \u00e0 votre service 6j\/7.\t\t\t<\/span>\n\t\t\t\t\t<\/div>\n<\/div>[vc_empty_space height=\u00a0\u00bb30px\u00a0\u00bb][vc_column_text]Nous vous accueillons du mardi au dimanche, la vente \u00e0 emporter est possible le midi et le soir, pour les repas sur place nous vous accueillons uniquement le midi en semaine (du mercredi au vendredi).<\/p>\n<p>Attention nous sommes ferm\u00e9s tous les lundis.[\/vc_column_text]\t\t<\/div>\n\t<\/div>\n<\/div><\/div>[\/vc_column][vc_column offset=\u00a0\u00bbvc_col-lg-6&Prime;]<div class=\"qodef-elements-holder   qodef-one-column  qodef-responsive-mode-768 \" ><div class=\"qodef-eh-item    \"  data-item-class=\"qodef-eh-custom-3265\" data-769-1024=\"0px 15% 108px\" data-681-768=\"0px 15% 108px\" data-680=\"0px 3% 108px\">\n\t<div class=\"qodef-eh-item-inner\">\n\t\t<div class=\"qodef-eh-item-content qodef-eh-custom-3265\" style=\"padding: 32px 15% 89px 29%\">\n\t\t\t<div class=\"qodef-wh-holder \">\n                        <div class=\"qodef-wh-item\">\n                <div class=\"qodef-wh-main\" >\n                    <div class=\"qodef-wh-day-holder\">\n                        <h4 class=\"qodef-wh-day\">\n                            Lundi                        <\/h4>\n                                            <\/div>\n                    <div class=\"qodef-wh-line\"><\/div>\n                                            <span class=\"qodef-wh-hours\"                             style=\"color:#d2401e\"\n                        >Ferm\u00e9<\/span>\n                                    <\/div>\n            <\/div>\n                            <div class=\"qodef-wh-item\">\n                <div class=\"qodef-wh-main\" >\n                    <div class=\"qodef-wh-day-holder\">\n                        <h4 class=\"qodef-wh-day\">\n                            Mardi                        <\/h4>\n                                            <\/div>\n                    <div class=\"qodef-wh-line\"><\/div>\n                                            <span class=\"qodef-wh-hours\" >17:30 - 21:00<\/span>\n                                    <\/div>\n            <\/div>\n                            <div class=\"qodef-wh-item\">\n                <div class=\"qodef-wh-main\" >\n                    <div class=\"qodef-wh-day-holder\">\n                        <h4 class=\"qodef-wh-day\">\n                            Mercredi                        <\/h4>\n                                            <\/div>\n                    <div class=\"qodef-wh-line\"><\/div>\n                                            <span class=\"qodef-wh-hours\" >12:00 - 14:00 et 17:30 - 21:00<\/span>\n                                    <\/div>\n            <\/div>\n                            <div class=\"qodef-wh-item\">\n                <div class=\"qodef-wh-main\" >\n                    <div class=\"qodef-wh-day-holder\">\n                        <h4 class=\"qodef-wh-day\">\n                            Jeudi                        <\/h4>\n                                            <\/div>\n                    <div class=\"qodef-wh-line\"><\/div>\n                                            <span class=\"qodef-wh-hours\" >12:00 - 14:00 et 17:30 - 21:00<\/span>\n                                    <\/div>\n            <\/div>\n                            <div class=\"qodef-wh-item\">\n                <div class=\"qodef-wh-main\" >\n                    <div class=\"qodef-wh-day-holder\">\n                        <h4 class=\"qodef-wh-day\">\n                            Vendredi                        <\/h4>\n                                                    <span aria-hidden=\"true\" class=\"qodef-icon-font-elegant icon_star qodef-icon-element\"><\/span>\n                                            <\/div>\n                    <div class=\"qodef-wh-line\"><\/div>\n                                            <span class=\"qodef-wh-hours\" >12:00 - 14:00 et 17:30 - 21:00<\/span>\n                                    <\/div>\n            <\/div>\n                            <div class=\"qodef-wh-item\">\n                <div class=\"qodef-wh-main\" >\n                    <div class=\"qodef-wh-day-holder\">\n                        <h4 class=\"qodef-wh-day\">\n                            Samedi                        <\/h4>\n                                                    <span aria-hidden=\"true\" class=\"qodef-icon-font-elegant icon_star qodef-icon-element\"><\/span>\n                                            <\/div>\n                    <div class=\"qodef-wh-line\"><\/div>\n                                            <span class=\"qodef-wh-hours\" >17:30 - 21:00<\/span>\n                                    <\/div>\n            <\/div>\n                            <div class=\"qodef-wh-item\">\n                <div class=\"qodef-wh-main\" >\n                    <div class=\"qodef-wh-day-holder\">\n                        <h4 class=\"qodef-wh-day\">\n                            Dimanche                        <\/h4>\n                                                    <span aria-hidden=\"true\" class=\"qodef-icon-font-elegant icon_star qodef-icon-element\"><\/span>\n                                            <\/div>\n                    <div class=\"qodef-wh-line\"><\/div>\n                                            <span class=\"qodef-wh-hours\" >17:30 - 21:00<\/span>\n                                    <\/div>\n            <\/div>\n            <div class=\"qodef-wh-footnote-holder\">\n        <p class=\"qodef-wh-footnote\">Terrasse ouverte le midi (de 12h \u00e0 14h). Les paninis et mini pizzas sont servis uniquement le midi.<\/p>\n        <span aria-hidden=\"true\" class=\"qodef-icon-font-elegant icon_star qodef-icon-element\"><\/span>\n    <\/div>\n<\/div>\t\t<\/div>\n\t<\/div>\n<\/div><\/div>[\/vc_column][\/vc_row]<\/p>\n","protected":false},"excerpt":{"rendered":"<p>[vc_row row_content_width=\u00a0\u00bbgrid\u00a0\u00bb content_text_aligment=\u00a0\u00bbleft\u00a0\u00bb css=\u00a0\u00bb.vc_custom_1574160501485{padding-top: 70px !important;padding-bottom: 150px !important;}\u00a0\u00bb][vc_column offset=\u00a0\u00bbvc_col-lg-6&Prime;][vc_row_inner][vc_column_inner][\/vc_column_inner][\/vc_row_inner][\/vc_column][vc_column offset=\u00a0\u00bbvc_col-lg-6&Prime;][vc_gmaps link=\u00a0\u00bb#E-8_JTNDaWZyYW1lJTIwc3JjJTNEJTIyaHR0cHMlM0ElMkYlMkZ3d3cuZ29vZ2xlLmNvbSUyRm1hcHMlMkZlbWJlZCUzRnBiJTNEJTIxMW0xOCUyMTFtMTIlMjExbTMlMjExZDI4MDYuMzk3MTQ2NTYwNjU4NyUyMTJkNS40ODY3NjUwMTY2MDY2MTQlMjEzZDQ1LjMwMDQwMjU1MjM3NzIzJTIxMm0zJTIxMWYwJTIxMmYwJTIxM2YwJTIxM20yJTIxMWkxMDI0JTIxMmk3NjglMjE0ZjEzLjElMjEzbTMlMjExbTIlMjExczB4NDc4YWU4M2Q3OWM4NTkyMSUyNTNBMHhhMzYwNzMzOTZmMWE0OWY2JTIxMnNKb3MlMjVDMyUyNUE5JTI1MjBQaXp6JTIxNWUwJTIxM20yJTIxMXNmciUyMTJzZnIlMjE0djE2NTMwNDY1NTc1NDElMjE1bTIlMjExc2ZyJTIxMnNmciUyMiUyMHdpZHRoJTNEJTIyNjAwJTIyJTIwaGVpZ2h0JTNEJTIyNjAwJTIyJTIwc3R5bGUlM0QlMjJib3JkZXIlM0EwJTNCJTIyJTIwYWxsb3dmdWxsc2NyZWVuJTNEJTIyJTIyJTIwbG9hZGluZyUzRCUyMmxhenklMjIlMjByZWZlcnJlcnBvbGljeSUzRCUyMm5vLXJlZmVycmVyLXdoZW4tZG93bmdyYWRlJTIyJTNFJTNDJTJGaWZyYW1lJTNF\u00a0\u00bb][\/vc_column][\/vc_row][vc_row css=\u00a0\u00bb.vc_custom_1573214562339{padding-top: 300px !important;padding-bottom: 300px !important;background-image: url(https:\/\/donpeppe.qodeinteractive.com\/wp-content\/uploads\/2019\/11\/h2-img-1.jpg?id=2067) !important;}\u00a0\u00bb][vc_column][\/vc_column][\/vc_row][vc_row row_content_width=\u00a0\u00bbgrid\u00a0\u00bb css=\u00a0\u00bb.vc_custom_1572266605797{margin-top: -325px !important;margin-right: 0px !important;margin-left: 0px !important;background-color: #f7f7f2 !important;}\u00a0\u00bb][vc_column offset=\u00a0\u00bbvc_col-lg-6&Prime;][\/vc_column][vc_column offset=\u00a0\u00bbvc_col-lg-6&Prime;][\/vc_column][\/vc_row]<\/p>\n","protected":false},"author":1,"featured_media":0,"parent":0,"menu_order":0,"comment_status":"closed","ping_status":"closed","template":"full-width.php","meta":{"footnotes":""},"class_list":["post-1296","page","type-page","status-publish","hentry"],"jetpack_sharing_enabled":true,"_links":{"self":[{"href":"https:\/\/josepizz.fr\/index.php?rest_route=\/wp\/v2\/pages\/1296","targetHints":{"allow":["GET"]}}],"collection":[{"href":"https:\/\/josepizz.fr\/index.php?rest_route=\/wp\/v2\/pages"}],"about":[{"href":"https:\/\/josepizz.fr\/index.php?rest_route=\/wp\/v2\/types\/page"}],"author":[{"embeddable":true,"href":"https:\/\/josepizz.fr\/index.php?rest_route=\/wp\/v2\/users\/1"}],"replies":[{"embeddable":true,"href":"https:\/\/josepizz.fr\/index.php?rest_route=%2Fwp%2Fv2%2Fcomments&post=1296"}],"version-history":[{"count":75,"href":"https:\/\/josepizz.fr\/index.php?rest_route=\/wp\/v2\/pages\/1296\/revisions"}],"predecessor-version":[{"id":3777,"href":"https:\/\/josepizz.fr\/index.php?rest_route=\/wp\/v2\/pages\/1296\/revisions\/3777"}],"wp:attachment":[{"href":"https:\/\/josepizz.fr\/index.php?rest_route=%2Fwp%2Fv2%2Fmedia&parent=1296"}],"curies":[{"name":"wp","href":"https:\/\/api.w.org\/{rel}","templated":true}]}}