{"id":2560,"date":"2019-11-26T08:51:46","date_gmt":"2019-11-26T08:51:46","guid":{"rendered":"https:\/\/donpeppe.qodeinteractive.com\/?post_type=product&#038;p=2560"},"modified":"2025-04-16T13:19:06","modified_gmt":"2025-04-16T13:19:06","slug":"reine","status":"publish","type":"product","link":"https:\/\/josepizz.fr\/?product=reine","title":{"rendered":"Reine"},"content":{"rendered":"<p>Le reine est intemporelle, elle \u00e9tait l\u00e0 avant nous et sera encore l\u00e0 apr\u00e8s nous, son classicisme nous rassure et nous rappelle \u00e0 chaque fois \u00e0 quel point les fabuleuses pizzas de Jos\u00e9 sont bonnes.<\/p>\n<p>Difficile de l&rsquo;oublier, que de bons moments pass\u00e9s en sa compagnie. Le reine sera pour toujours vivante et parmi nous ! God save the Queen !<\/p>\n","protected":false},"excerpt":{"rendered":"<p>God save the King !<\/p>\n<ul>\n<li>Tomate<\/li>\n<li>Jambon<\/li>\n<li>Gruy\u00e8re<\/li>\n<li>Mozzarella<\/li>\n<li>Olives<\/li>\n<\/ul>\n","protected":false},"featured_media":0,"template":"","meta":[],"product_brand":[],"product_cat":[68],"product_tag":[],"class_list":{"0":"post-2560","1":"product","2":"type-product","3":"status-publish","5":"product_cat-charcuterie","7":"first","8":"instock","9":"shipping-taxable","10":"purchasable","11":"product-type-simple"},"jetpack_sharing_enabled":true,"_links":{"self":[{"href":"https:\/\/josepizz.fr\/index.php?rest_route=\/wp\/v2\/product\/2560","targetHints":{"allow":["GET"]}}],"collection":[{"href":"https:\/\/josepizz.fr\/index.php?rest_route=\/wp\/v2\/product"}],"about":[{"href":"https:\/\/josepizz.fr\/index.php?rest_route=\/wp\/v2\/types\/product"}],"wp:attachment":[{"href":"https:\/\/josepizz.fr\/index.php?rest_route=%2Fwp%2Fv2%2Fmedia&parent=2560"}],"wp:term":[{"taxonomy":"product_brand","embeddable":true,"href":"https:\/\/josepizz.fr\/index.php?rest_route=%2Fwp%2Fv2%2Fproduct_brand&post=2560"},{"taxonomy":"product_cat","embeddable":true,"href":"https:\/\/josepizz.fr\/index.php?rest_route=%2Fwp%2Fv2%2Fproduct_cat&post=2560"},{"taxonomy":"product_tag","embeddable":true,"href":"https:\/\/josepizz.fr\/index.php?rest_route=%2Fwp%2Fv2%2Fproduct_tag&post=2560"}],"curies":[{"name":"wp","href":"https:\/\/api.w.org\/{rel}","templated":true}]}}