{"id":288,"date":"2019-10-10T13:28:26","date_gmt":"2019-10-10T13:28:26","guid":{"rendered":"https:\/\/donpeppe.qodeinteractive.com\/?post_type=product&#038;p=288"},"modified":"2025-07-29T17:22:24","modified_gmt":"2025-07-29T17:22:24","slug":"segun","status":"publish","type":"product","link":"https:\/\/josepizz.fr\/?product=segun","title":{"rendered":"Seguin"},"content":{"rendered":"<p>De la finesse pour cette pizza compos\u00e9e de tomates bio (comme toujours !) de fromage de ch\u00e8vre d\u00e9licieusement acidul\u00e9, de gruy\u00e8re, de Mozzarella et bien \u00e9videmment d&rsquo;Olives (pos\u00e9es une \u00e0 une \u00e0 la main par Jos\u00e9 lui m\u00eame).<\/p>\n<p>R\u00e9galez vous !<\/p>\n","protected":false},"excerpt":{"rendered":"<p>Ou est la ch\u00e8vre ?<\/p>\n<ul>\n<li>\u00b2Tomate bio<\/li>\n<li>Fromage de Ch\u00e8vre<\/li>\n<li>Gruy\u00e8re<\/li>\n<li>Mozzarella<\/li>\n<li>Olives<\/li>\n<\/ul>\n","protected":false},"featured_media":3818,"template":"","meta":[],"product_brand":[],"product_cat":[35],"product_tag":[],"class_list":{"0":"post-288","1":"product","2":"type-product","3":"status-publish","4":"has-post-thumbnail","6":"product_cat-fromage","8":"first","9":"instock","10":"shipping-taxable","11":"purchasable","12":"product-type-simple"},"jetpack_sharing_enabled":true,"_links":{"self":[{"href":"https:\/\/josepizz.fr\/index.php?rest_route=\/wp\/v2\/product\/288","targetHints":{"allow":["GET"]}}],"collection":[{"href":"https:\/\/josepizz.fr\/index.php?rest_route=\/wp\/v2\/product"}],"about":[{"href":"https:\/\/josepizz.fr\/index.php?rest_route=\/wp\/v2\/types\/product"}],"wp:featuredmedia":[{"embeddable":true,"href":"https:\/\/josepizz.fr\/index.php?rest_route=\/wp\/v2\/media\/3818"}],"wp:attachment":[{"href":"https:\/\/josepizz.fr\/index.php?rest_route=%2Fwp%2Fv2%2Fmedia&parent=288"}],"wp:term":[{"taxonomy":"product_brand","embeddable":true,"href":"https:\/\/josepizz.fr\/index.php?rest_route=%2Fwp%2Fv2%2Fproduct_brand&post=288"},{"taxonomy":"product_cat","embeddable":true,"href":"https:\/\/josepizz.fr\/index.php?rest_route=%2Fwp%2Fv2%2Fproduct_cat&post=288"},{"taxonomy":"product_tag","embeddable":true,"href":"https:\/\/josepizz.fr\/index.php?rest_route=%2Fwp%2Fv2%2Fproduct_tag&post=288"}],"curies":[{"name":"wp","href":"https:\/\/api.w.org\/{rel}","templated":true}]}}