{"id":290,"date":"2019-10-10T13:36:25","date_gmt":"2019-10-10T13:36:25","guid":{"rendered":"https:\/\/donpeppe.qodeinteractive.com\/?post_type=product&#038;p=290"},"modified":"2025-07-29T17:25:27","modified_gmt":"2025-07-29T17:25:27","slug":"valdostana","status":"publish","type":"product","link":"https:\/\/josepizz.fr\/?product=valdostana","title":{"rendered":"Calzone"},"content":{"rendered":"<p>Bien au chaud dans vos chaussons (Calzone) affrontez l&rsquo;hiver en toute tranquillit\u00e9, la Calzone de Jos\u00e9 est une merveille de finesse et d&rsquo;\u00e9quilibre avec son Mascarpone fondant, sa pate craquante et croquante, hummmm ! Laissez vous tenter par cette pizza qui a le sourire.<\/p>\n","protected":false},"excerpt":{"rendered":"<p>Que je vais ouvrir<\/p>\n<ul>\n<li>Tomate<\/li>\n<li>Mascarpone<\/li>\n<li>Cr\u00e8me fraiche<\/li>\n<li>Mozzarella<\/li>\n<li>Olives<\/li>\n<\/ul>\n","protected":false},"featured_media":3819,"template":"","meta":[],"product_brand":[],"product_cat":[35],"product_tag":[],"class_list":{"0":"post-290","1":"product","2":"type-product","3":"status-publish","4":"has-post-thumbnail","6":"product_cat-fromage","8":"first","9":"instock","10":"shipping-taxable","11":"purchasable","12":"product-type-simple"},"jetpack_sharing_enabled":true,"_links":{"self":[{"href":"https:\/\/josepizz.fr\/index.php?rest_route=\/wp\/v2\/product\/290","targetHints":{"allow":["GET"]}}],"collection":[{"href":"https:\/\/josepizz.fr\/index.php?rest_route=\/wp\/v2\/product"}],"about":[{"href":"https:\/\/josepizz.fr\/index.php?rest_route=\/wp\/v2\/types\/product"}],"wp:featuredmedia":[{"embeddable":true,"href":"https:\/\/josepizz.fr\/index.php?rest_route=\/wp\/v2\/media\/3819"}],"wp:attachment":[{"href":"https:\/\/josepizz.fr\/index.php?rest_route=%2Fwp%2Fv2%2Fmedia&parent=290"}],"wp:term":[{"taxonomy":"product_brand","embeddable":true,"href":"https:\/\/josepizz.fr\/index.php?rest_route=%2Fwp%2Fv2%2Fproduct_brand&post=290"},{"taxonomy":"product_cat","embeddable":true,"href":"https:\/\/josepizz.fr\/index.php?rest_route=%2Fwp%2Fv2%2Fproduct_cat&post=290"},{"taxonomy":"product_tag","embeddable":true,"href":"https:\/\/josepizz.fr\/index.php?rest_route=%2Fwp%2Fv2%2Fproduct_tag&post=290"}],"curies":[{"name":"wp","href":"https:\/\/api.w.org\/{rel}","templated":true}]}}