{"id":293,"date":"2019-10-10T13:39:06","date_gmt":"2019-10-10T13:39:06","guid":{"rendered":"https:\/\/donpeppe.qodeinteractive.com\/?post_type=product&#038;p=293"},"modified":"2025-04-16T14:36:11","modified_gmt":"2025-04-16T14:36:11","slug":"pizza-tartufata","status":"publish","type":"product","link":"https:\/\/josepizz.fr\/?product=pizza-tartufata","title":{"rendered":"Roquefort"},"content":{"rendered":"<p>Roquefort you !<\/p>\n<p>Une pizza qui a du caract\u00e8re (mais pas trop), sans \u00eatre caricaturale notre pizza Roquefort est destin\u00e9e aux connaisseurs et aux amateurs de sensations (Roque) Fortes !<\/p>\n","protected":false},"excerpt":{"rendered":"<p>We will, We will !<\/p>\n<ul>\n<li>Tomate<\/li>\n<li>Roquefort<\/li>\n<li>Gruy\u00e8re<\/li>\n<li>Mozzarella<\/li>\n<li>Olives<\/li>\n<\/ul>\n","protected":false},"featured_media":3820,"template":"","meta":[],"product_brand":[],"product_cat":[35],"product_tag":[],"class_list":{"0":"post-293","1":"product","2":"type-product","3":"status-publish","4":"has-post-thumbnail","6":"product_cat-fromage","8":"first","9":"instock","10":"shipping-taxable","11":"purchasable","12":"product-type-simple"},"jetpack_sharing_enabled":true,"_links":{"self":[{"href":"https:\/\/josepizz.fr\/index.php?rest_route=\/wp\/v2\/product\/293","targetHints":{"allow":["GET"]}}],"collection":[{"href":"https:\/\/josepizz.fr\/index.php?rest_route=\/wp\/v2\/product"}],"about":[{"href":"https:\/\/josepizz.fr\/index.php?rest_route=\/wp\/v2\/types\/product"}],"wp:featuredmedia":[{"embeddable":true,"href":"https:\/\/josepizz.fr\/index.php?rest_route=\/wp\/v2\/media\/3820"}],"wp:attachment":[{"href":"https:\/\/josepizz.fr\/index.php?rest_route=%2Fwp%2Fv2%2Fmedia&parent=293"}],"wp:term":[{"taxonomy":"product_brand","embeddable":true,"href":"https:\/\/josepizz.fr\/index.php?rest_route=%2Fwp%2Fv2%2Fproduct_brand&post=293"},{"taxonomy":"product_cat","embeddable":true,"href":"https:\/\/josepizz.fr\/index.php?rest_route=%2Fwp%2Fv2%2Fproduct_cat&post=293"},{"taxonomy":"product_tag","embeddable":true,"href":"https:\/\/josepizz.fr\/index.php?rest_route=%2Fwp%2Fv2%2Fproduct_tag&post=293"}],"curies":[{"name":"wp","href":"https:\/\/api.w.org\/{rel}","templated":true}]}}