{"id":314,"date":"2019-10-10T14:10:35","date_gmt":"2019-10-10T14:10:35","guid":{"rendered":"https:\/\/donpeppe.qodeinteractive.com\/?post_type=product&#038;p=314"},"modified":"2025-07-29T17:26:07","modified_gmt":"2025-07-29T17:26:07","slug":"francescana","status":"publish","type":"product","link":"https:\/\/josepizz.fr\/?product=francescana","title":{"rendered":"4 Fromages"},"content":{"rendered":"<p>Pour les inconditionnels du Fromage Jos\u00e9 a con\u00e7u une pizza compos\u00e9e de fromage de ch\u00e8vre m\u00e9\u00e9\u00e9\u00e9 aussi de Roquefort (mais pas trop), de Gruy\u00e8re (avec tous ses trous) et de Mozarrela (pourtant Mozard est mort ?). C&rsquo;est bon, c&rsquo;est onctueux, \u00e7a fait vraiment du bien !<\/p>\n","protected":false},"excerpt":{"rendered":"<p>What else George ?<\/p>\n<ul>\n<li>Tomate<\/li>\n<li>Saint-Marcellin<\/li>\n<li>Ch\u00e8vre<\/li>\n<li>Roquefort<\/li>\n<li>Gruy\u00e8re<\/li>\n<li>Mozzarella<\/li>\n<li>Olives<\/li>\n<\/ul>\n","protected":false},"featured_media":3821,"template":"","meta":[],"product_brand":[],"product_cat":[35],"product_tag":[],"class_list":{"0":"post-314","1":"product","2":"type-product","3":"status-publish","4":"has-post-thumbnail","6":"product_cat-fromage","8":"first","9":"instock","10":"shipping-taxable","11":"purchasable","12":"product-type-simple"},"jetpack_sharing_enabled":true,"_links":{"self":[{"href":"https:\/\/josepizz.fr\/index.php?rest_route=\/wp\/v2\/product\/314","targetHints":{"allow":["GET"]}}],"collection":[{"href":"https:\/\/josepizz.fr\/index.php?rest_route=\/wp\/v2\/product"}],"about":[{"href":"https:\/\/josepizz.fr\/index.php?rest_route=\/wp\/v2\/types\/product"}],"wp:featuredmedia":[{"embeddable":true,"href":"https:\/\/josepizz.fr\/index.php?rest_route=\/wp\/v2\/media\/3821"}],"wp:attachment":[{"href":"https:\/\/josepizz.fr\/index.php?rest_route=%2Fwp%2Fv2%2Fmedia&parent=314"}],"wp:term":[{"taxonomy":"product_brand","embeddable":true,"href":"https:\/\/josepizz.fr\/index.php?rest_route=%2Fwp%2Fv2%2Fproduct_brand&post=314"},{"taxonomy":"product_cat","embeddable":true,"href":"https:\/\/josepizz.fr\/index.php?rest_route=%2Fwp%2Fv2%2Fproduct_cat&post=314"},{"taxonomy":"product_tag","embeddable":true,"href":"https:\/\/josepizz.fr\/index.php?rest_route=%2Fwp%2Fv2%2Fproduct_tag&post=314"}],"curies":[{"name":"wp","href":"https:\/\/api.w.org\/{rel}","templated":true}]}}