{"id":3349,"date":"2021-09-16T17:59:41","date_gmt":"2021-09-16T17:59:41","guid":{"rendered":"https:\/\/josepizz.fr\/?post_type=product&#038;p=3349"},"modified":"2025-07-29T17:27:41","modified_gmt":"2025-07-29T17:27:41","slug":"moussaka","status":"publish","type":"product","link":"https:\/\/josepizz.fr\/?product=moussaka","title":{"rendered":"Moussaka"},"content":{"rendered":"<p>L&rsquo;aubergine donne son caract\u00e8re si particulier \u00e0 notre pizza Moussaka, onctueuse, \u00e9quilibr\u00e9, parfaite pour accompagner et \u00e9gayer vos soir\u00e9es d&rsquo;\u00e9t\u00e9.<\/p>\n","protected":false},"excerpt":{"rendered":"<p>Vraiment Moussaka !<\/p>\n<ul>\n<li>Tomate<\/li>\n<li>Viande hach\u00e9e<\/li>\n<li>Aubergines<\/li>\n<li>Cr\u00e8me fraiche<\/li>\n<li>Gruy\u00e8re<\/li>\n<li>Mozzarella<\/li>\n<\/ul>\n","protected":false},"featured_media":3832,"template":"","meta":[],"product_brand":[],"product_cat":[50],"product_tag":[],"class_list":{"0":"post-3349","1":"product","2":"type-product","3":"status-publish","4":"has-post-thumbnail","6":"product_cat-viande","8":"first","9":"instock","10":"shipping-taxable","11":"purchasable","12":"product-type-simple"},"jetpack_sharing_enabled":true,"_links":{"self":[{"href":"https:\/\/josepizz.fr\/index.php?rest_route=\/wp\/v2\/product\/3349","targetHints":{"allow":["GET"]}}],"collection":[{"href":"https:\/\/josepizz.fr\/index.php?rest_route=\/wp\/v2\/product"}],"about":[{"href":"https:\/\/josepizz.fr\/index.php?rest_route=\/wp\/v2\/types\/product"}],"wp:featuredmedia":[{"embeddable":true,"href":"https:\/\/josepizz.fr\/index.php?rest_route=\/wp\/v2\/media\/3832"}],"wp:attachment":[{"href":"https:\/\/josepizz.fr\/index.php?rest_route=%2Fwp%2Fv2%2Fmedia&parent=3349"}],"wp:term":[{"taxonomy":"product_brand","embeddable":true,"href":"https:\/\/josepizz.fr\/index.php?rest_route=%2Fwp%2Fv2%2Fproduct_brand&post=3349"},{"taxonomy":"product_cat","embeddable":true,"href":"https:\/\/josepizz.fr\/index.php?rest_route=%2Fwp%2Fv2%2Fproduct_cat&post=3349"},{"taxonomy":"product_tag","embeddable":true,"href":"https:\/\/josepizz.fr\/index.php?rest_route=%2Fwp%2Fv2%2Fproduct_tag&post=3349"}],"curies":[{"name":"wp","href":"https:\/\/api.w.org\/{rel}","templated":true}]}}