{"id":3350,"date":"2021-09-16T18:02:12","date_gmt":"2021-09-16T18:02:12","guid":{"rendered":"https:\/\/josepizz.fr\/?post_type=product&#038;p=3350"},"modified":"2025-04-16T16:07:48","modified_gmt":"2025-04-16T16:07:48","slug":"alsacienne","status":"publish","type":"product","link":"https:\/\/josepizz.fr\/?product=alsacienne","title":{"rendered":"Alsacienne"},"content":{"rendered":"<p>Forc\u00e9ment g\u00e9n\u00e9reuse et gourmande, l&rsquo;Alsacienne vient d&rsquo;une r\u00e9gion ou l&rsquo;on sait vivre ! Des ingr\u00e9dients de tr\u00e8s grande qualit\u00e9 r\u00e9unis sur une base blanche onctueuse et une acidit\u00e9 qui rel\u00e8ve le tout et qui lui donne son caract\u00e8re unique !<\/p>\n","protected":false},"excerpt":{"rendered":"<p>Trop pon ! Hopla !<\/p>\n<ul>\n<li>Sauce blanche<\/li>\n<li>Champignons<\/li>\n<li>Lardons<\/li>\n<li>Oignons<\/li>\n<li>Cr\u00e8me fraiche<\/li>\n<li>Gruy\u00e8re<\/li>\n<li>Mozzarella<\/li>\n<\/ul>\n","protected":false},"featured_media":3833,"template":"","meta":[],"product_brand":[],"product_cat":[69],"product_tag":[],"class_list":{"0":"post-3350","1":"product","2":"type-product","3":"status-publish","4":"has-post-thumbnail","6":"product_cat-speciale","8":"first","9":"instock","10":"shipping-taxable","11":"purchasable","12":"product-type-simple"},"jetpack_sharing_enabled":true,"_links":{"self":[{"href":"https:\/\/josepizz.fr\/index.php?rest_route=\/wp\/v2\/product\/3350","targetHints":{"allow":["GET"]}}],"collection":[{"href":"https:\/\/josepizz.fr\/index.php?rest_route=\/wp\/v2\/product"}],"about":[{"href":"https:\/\/josepizz.fr\/index.php?rest_route=\/wp\/v2\/types\/product"}],"wp:featuredmedia":[{"embeddable":true,"href":"https:\/\/josepizz.fr\/index.php?rest_route=\/wp\/v2\/media\/3833"}],"wp:attachment":[{"href":"https:\/\/josepizz.fr\/index.php?rest_route=%2Fwp%2Fv2%2Fmedia&parent=3350"}],"wp:term":[{"taxonomy":"product_brand","embeddable":true,"href":"https:\/\/josepizz.fr\/index.php?rest_route=%2Fwp%2Fv2%2Fproduct_brand&post=3350"},{"taxonomy":"product_cat","embeddable":true,"href":"https:\/\/josepizz.fr\/index.php?rest_route=%2Fwp%2Fv2%2Fproduct_cat&post=3350"},{"taxonomy":"product_tag","embeddable":true,"href":"https:\/\/josepizz.fr\/index.php?rest_route=%2Fwp%2Fv2%2Fproduct_tag&post=3350"}],"curies":[{"name":"wp","href":"https:\/\/api.w.org\/{rel}","templated":true}]}}