{"id":3697,"date":"2022-06-02T11:28:46","date_gmt":"2022-06-02T11:28:46","guid":{"rendered":"https:\/\/josepizz.fr\/?post_type=product&#038;p=3697"},"modified":"2025-04-16T16:50:16","modified_gmt":"2025-04-16T16:50:16","slug":"kebab","status":"publish","type":"product","link":"https:\/\/josepizz.fr\/?product=kebab","title":{"rendered":"Kebab"},"content":{"rendered":"<p>Tout le monde connait le Kebab mais connaissez vous la pizza Kebab de Jos\u00e9 ? Laissez vous tenter, vous serez agr\u00e9ablement surpris pour la gout de sa viande et par l&rsquo;\u00e9quilibre de sa composition (sur une base blanche bien \u00e9videmment).<\/p>\n","protected":false},"excerpt":{"rendered":"<p>Kebab be lou la !!!<\/p>\n<ul>\n<li>Sauche blanche<\/li>\n<li>Viande kebab<\/li>\n<li>Gruy\u00e8re<\/li>\n<li>Mozarella<\/li>\n<\/ul>\n","protected":false},"featured_media":3837,"template":"","meta":[],"product_brand":[],"product_cat":[69],"product_tag":[],"class_list":{"0":"post-3697","1":"product","2":"type-product","3":"status-publish","4":"has-post-thumbnail","6":"product_cat-speciale","8":"first","9":"instock","10":"shipping-taxable","11":"purchasable","12":"product-type-simple"},"jetpack_sharing_enabled":true,"_links":{"self":[{"href":"https:\/\/josepizz.fr\/index.php?rest_route=\/wp\/v2\/product\/3697","targetHints":{"allow":["GET"]}}],"collection":[{"href":"https:\/\/josepizz.fr\/index.php?rest_route=\/wp\/v2\/product"}],"about":[{"href":"https:\/\/josepizz.fr\/index.php?rest_route=\/wp\/v2\/types\/product"}],"wp:featuredmedia":[{"embeddable":true,"href":"https:\/\/josepizz.fr\/index.php?rest_route=\/wp\/v2\/media\/3837"}],"wp:attachment":[{"href":"https:\/\/josepizz.fr\/index.php?rest_route=%2Fwp%2Fv2%2Fmedia&parent=3697"}],"wp:term":[{"taxonomy":"product_brand","embeddable":true,"href":"https:\/\/josepizz.fr\/index.php?rest_route=%2Fwp%2Fv2%2Fproduct_brand&post=3697"},{"taxonomy":"product_cat","embeddable":true,"href":"https:\/\/josepizz.fr\/index.php?rest_route=%2Fwp%2Fv2%2Fproduct_cat&post=3697"},{"taxonomy":"product_tag","embeddable":true,"href":"https:\/\/josepizz.fr\/index.php?rest_route=%2Fwp%2Fv2%2Fproduct_tag&post=3697"}],"curies":[{"name":"wp","href":"https:\/\/api.w.org\/{rel}","templated":true}]}}