{"id":3699,"date":"2022-06-02T11:30:41","date_gmt":"2022-06-02T11:30:41","guid":{"rendered":"https:\/\/josepizz.fr\/?post_type=product&#038;p=3699"},"modified":"2025-07-29T17:32:53","modified_gmt":"2025-07-29T17:32:53","slug":"tartiflette","status":"publish","type":"product","link":"https:\/\/josepizz.fr\/?product=tartiflette","title":{"rendered":"Tartiflette"},"content":{"rendered":"<p>Avec notre pizza Tartiflette vous allez faire des \u00e9conomies sur le chauffage ! Elle est tellement bonne, g\u00e9n\u00e9reuse, nourrissante, gr\u00e2ce \u00e0 elle vous pourrez baisser le thermostat d&rsquo;au moins 2\u00b0 dans votre maison.<\/p>\n","protected":false},"excerpt":{"rendered":"<p>Economies d&rsquo;\u00e9nergie<\/p>\n<ul>\n<li>Cr\u00e8me fraiche<\/li>\n<li>Pomme de terre<\/li>\n<li>Lardons<\/li>\n<li>Oignons<\/li>\n<li>Gruy\u00e8re<\/li>\n<li>Reblochon<\/li>\n<\/ul>\n","protected":false},"featured_media":3839,"template":"","meta":[],"product_brand":[],"product_cat":[69],"product_tag":[],"class_list":{"0":"post-3699","1":"product","2":"type-product","3":"status-publish","4":"has-post-thumbnail","6":"product_cat-speciale","8":"first","9":"instock","10":"shipping-taxable","11":"purchasable","12":"product-type-simple"},"jetpack_sharing_enabled":true,"_links":{"self":[{"href":"https:\/\/josepizz.fr\/index.php?rest_route=\/wp\/v2\/product\/3699","targetHints":{"allow":["GET"]}}],"collection":[{"href":"https:\/\/josepizz.fr\/index.php?rest_route=\/wp\/v2\/product"}],"about":[{"href":"https:\/\/josepizz.fr\/index.php?rest_route=\/wp\/v2\/types\/product"}],"wp:featuredmedia":[{"embeddable":true,"href":"https:\/\/josepizz.fr\/index.php?rest_route=\/wp\/v2\/media\/3839"}],"wp:attachment":[{"href":"https:\/\/josepizz.fr\/index.php?rest_route=%2Fwp%2Fv2%2Fmedia&parent=3699"}],"wp:term":[{"taxonomy":"product_brand","embeddable":true,"href":"https:\/\/josepizz.fr\/index.php?rest_route=%2Fwp%2Fv2%2Fproduct_brand&post=3699"},{"taxonomy":"product_cat","embeddable":true,"href":"https:\/\/josepizz.fr\/index.php?rest_route=%2Fwp%2Fv2%2Fproduct_cat&post=3699"},{"taxonomy":"product_tag","embeddable":true,"href":"https:\/\/josepizz.fr\/index.php?rest_route=%2Fwp%2Fv2%2Fproduct_tag&post=3699"}],"curies":[{"name":"wp","href":"https:\/\/api.w.org\/{rel}","templated":true}]}}