{"id":3700,"date":"2022-06-02T11:32:17","date_gmt":"2022-06-02T11:32:17","guid":{"rendered":"https:\/\/josepizz.fr\/?post_type=product&#038;p=3700"},"modified":"2025-07-29T17:33:18","modified_gmt":"2025-07-29T17:33:18","slug":"chef","status":"publish","type":"product","link":"https:\/\/josepizz.fr\/?product=chef","title":{"rendered":"Chef"},"content":{"rendered":"<p>Un grand classique, la pizza du chef ! Et quand le chef s&rsquo;appelle Jos\u00e9 c&rsquo;est forc\u00e9ment excellent ! Goutez l\u00e0 ! Goutez moi ! l\u00e2chez vous goutez la pizza du chef !<\/p>\n","protected":false},"excerpt":{"rendered":"<p>Le chef c&rsquo;est Jos\u00e9 !<\/p>\n<ul>\n<li>Cr\u00e8me fraiche<\/li>\n<li>Ravioles<\/li>\n<li>Bloc de foie gras<\/li>\n<li>Gruy\u00e8re<\/li>\n<li>Mozzarella<\/li>\n<\/ul>\n<p>&nbsp;<\/p>\n<p>&nbsp;<\/p>\n","protected":false},"featured_media":3840,"template":"","meta":[],"product_brand":[],"product_cat":[69],"product_tag":[],"class_list":{"0":"post-3700","1":"product","2":"type-product","3":"status-publish","4":"has-post-thumbnail","6":"product_cat-speciale","8":"first","9":"instock","10":"shipping-taxable","11":"purchasable","12":"product-type-simple"},"jetpack_sharing_enabled":true,"_links":{"self":[{"href":"https:\/\/josepizz.fr\/index.php?rest_route=\/wp\/v2\/product\/3700","targetHints":{"allow":["GET"]}}],"collection":[{"href":"https:\/\/josepizz.fr\/index.php?rest_route=\/wp\/v2\/product"}],"about":[{"href":"https:\/\/josepizz.fr\/index.php?rest_route=\/wp\/v2\/types\/product"}],"wp:featuredmedia":[{"embeddable":true,"href":"https:\/\/josepizz.fr\/index.php?rest_route=\/wp\/v2\/media\/3840"}],"wp:attachment":[{"href":"https:\/\/josepizz.fr\/index.php?rest_route=%2Fwp%2Fv2%2Fmedia&parent=3700"}],"wp:term":[{"taxonomy":"product_brand","embeddable":true,"href":"https:\/\/josepizz.fr\/index.php?rest_route=%2Fwp%2Fv2%2Fproduct_brand&post=3700"},{"taxonomy":"product_cat","embeddable":true,"href":"https:\/\/josepizz.fr\/index.php?rest_route=%2Fwp%2Fv2%2Fproduct_cat&post=3700"},{"taxonomy":"product_tag","embeddable":true,"href":"https:\/\/josepizz.fr\/index.php?rest_route=%2Fwp%2Fv2%2Fproduct_tag&post=3700"}],"curies":[{"name":"wp","href":"https:\/\/api.w.org\/{rel}","templated":true}]}}