{"id":3701,"date":"2022-06-02T11:33:26","date_gmt":"2022-06-02T11:33:26","guid":{"rendered":"https:\/\/josepizz.fr\/?post_type=product&#038;p=3701"},"modified":"2025-04-16T17:24:05","modified_gmt":"2025-04-16T17:24:05","slug":"vercors","status":"publish","type":"product","link":"https:\/\/josepizz.fr\/?product=vercors","title":{"rendered":"Vercors"},"content":{"rendered":"<p>Quand on s&rsquo;appelle \u00ab\u00a0Vercors\u00a0\u00bb on a forc\u00e9ment du caract\u00e8re ! Force de la nature le Vercors se dresse fi\u00e8rement dans notre belle vall\u00e9e du Sud Gr\u00e9sivaudan, impossible de l&rsquo;ignorer il est \u00e0 nos cot\u00e9s depuis longtemps et pour toujours&#8230; comme notre pizza !<\/p>\n","protected":false},"excerpt":{"rendered":"<p>On l&rsquo;a vu dans le Vercors<\/p>\n<ul>\n<li>Cr\u00e8me fraiche<\/li>\n<li>Ravioles<\/li>\n<li>Jambon cru<\/li>\n<li>Gruy\u00e8re<\/li>\n<li>Mozzarella<\/li>\n<li>Olives<\/li>\n<\/ul>\n","protected":false},"featured_media":3841,"template":"","meta":[],"product_brand":[],"product_cat":[69],"product_tag":[],"class_list":{"0":"post-3701","1":"product","2":"type-product","3":"status-publish","4":"has-post-thumbnail","6":"product_cat-speciale","8":"first","9":"instock","10":"shipping-taxable","11":"purchasable","12":"product-type-simple"},"jetpack_sharing_enabled":true,"_links":{"self":[{"href":"https:\/\/josepizz.fr\/index.php?rest_route=\/wp\/v2\/product\/3701","targetHints":{"allow":["GET"]}}],"collection":[{"href":"https:\/\/josepizz.fr\/index.php?rest_route=\/wp\/v2\/product"}],"about":[{"href":"https:\/\/josepizz.fr\/index.php?rest_route=\/wp\/v2\/types\/product"}],"wp:featuredmedia":[{"embeddable":true,"href":"https:\/\/josepizz.fr\/index.php?rest_route=\/wp\/v2\/media\/3841"}],"wp:attachment":[{"href":"https:\/\/josepizz.fr\/index.php?rest_route=%2Fwp%2Fv2%2Fmedia&parent=3701"}],"wp:term":[{"taxonomy":"product_brand","embeddable":true,"href":"https:\/\/josepizz.fr\/index.php?rest_route=%2Fwp%2Fv2%2Fproduct_brand&post=3701"},{"taxonomy":"product_cat","embeddable":true,"href":"https:\/\/josepizz.fr\/index.php?rest_route=%2Fwp%2Fv2%2Fproduct_cat&post=3701"},{"taxonomy":"product_tag","embeddable":true,"href":"https:\/\/josepizz.fr\/index.php?rest_route=%2Fwp%2Fv2%2Fproduct_tag&post=3701"}],"curies":[{"name":"wp","href":"https:\/\/api.w.org\/{rel}","templated":true}]}}