{"id":3710,"date":"2022-09-07T09:37:56","date_gmt":"2022-09-07T09:37:56","guid":{"rendered":"https:\/\/josepizz.fr\/?post_type=product&#038;p=3710"},"modified":"2025-04-16T13:44:41","modified_gmt":"2025-04-16T13:44:41","slug":"orientale","status":"publish","type":"product","link":"https:\/\/josepizz.fr\/?product=orientale","title":{"rendered":"Orientale"},"content":{"rendered":"<p>Ambiance 1001 nuits pour notre pizza orientale, des ingr\u00e9dients s\u00e9lectionn\u00e9s avec soin pour vous emporter dans un tourbillon de senteurs et de parfums !<\/p>\n","protected":false},"excerpt":{"rendered":"<p>Le soleil levant !<\/p>\n<ul>\n<li>Tomate<\/li>\n<li>Gruy\u00e8re<\/li>\n<li>Mozzarella<\/li>\n<li>Merguez<\/li>\n<li>Olives<\/li>\n<\/ul>\n","protected":false},"featured_media":3813,"template":"","meta":[],"product_brand":[],"product_cat":[68],"product_tag":[],"class_list":{"0":"post-3710","1":"product","2":"type-product","3":"status-publish","4":"has-post-thumbnail","6":"product_cat-charcuterie","8":"first","9":"instock","10":"shipping-taxable","11":"purchasable","12":"product-type-simple"},"jetpack_sharing_enabled":true,"_links":{"self":[{"href":"https:\/\/josepizz.fr\/index.php?rest_route=\/wp\/v2\/product\/3710","targetHints":{"allow":["GET"]}}],"collection":[{"href":"https:\/\/josepizz.fr\/index.php?rest_route=\/wp\/v2\/product"}],"about":[{"href":"https:\/\/josepizz.fr\/index.php?rest_route=\/wp\/v2\/types\/product"}],"wp:featuredmedia":[{"embeddable":true,"href":"https:\/\/josepizz.fr\/index.php?rest_route=\/wp\/v2\/media\/3813"}],"wp:attachment":[{"href":"https:\/\/josepizz.fr\/index.php?rest_route=%2Fwp%2Fv2%2Fmedia&parent=3710"}],"wp:term":[{"taxonomy":"product_brand","embeddable":true,"href":"https:\/\/josepizz.fr\/index.php?rest_route=%2Fwp%2Fv2%2Fproduct_brand&post=3710"},{"taxonomy":"product_cat","embeddable":true,"href":"https:\/\/josepizz.fr\/index.php?rest_route=%2Fwp%2Fv2%2Fproduct_cat&post=3710"},{"taxonomy":"product_tag","embeddable":true,"href":"https:\/\/josepizz.fr\/index.php?rest_route=%2Fwp%2Fv2%2Fproduct_tag&post=3710"}],"curies":[{"name":"wp","href":"https:\/\/api.w.org\/{rel}","templated":true}]}}