{"id":3750,"date":"2023-02-13T07:28:21","date_gmt":"2023-02-13T07:28:21","guid":{"rendered":"https:\/\/josepizz.fr\/?post_type=product&#038;p=3750"},"modified":"2025-04-16T16:23:32","modified_gmt":"2025-04-16T16:23:32","slug":"burrata","status":"publish","type":"product","link":"https:\/\/josepizz.fr\/?product=burrata","title":{"rendered":"Burrata"},"content":{"rendered":"<p>Nouveaut\u00e9 de l&rsquo;ann\u00e9e 2022, elle ne devait rester \u00e0 la carte que pour l&rsquo;\u00e9t\u00e9, devant son succ\u00e8s nous avons d\u00e9cid\u00e9 de la garder \u00e0 notre carte, la Pizza Burrata r\u00e9unie les meilleures ingr\u00e9dients cuits au feu de bois et est parsem\u00e9e de quelques feuilles de Roquette apr\u00e8s sa cuisson.<\/p>\n","protected":false},"excerpt":{"rendered":"<p>Nectar de Mozzarella<\/p>\n<ul>\n<li>Sauce Tomate<\/li>\n<li>Tomates s\u00e9ch\u00e9es<\/li>\n<li>Roquette<\/li>\n<li>Huile balsamique<\/li>\n<li>Gruy\u00e8re<\/li>\n<li>Mozzarella<\/li>\n<li>Boule de Burrata<\/li>\n<\/ul>\n","protected":false},"featured_media":3835,"template":"","meta":[],"product_brand":[],"product_cat":[69],"product_tag":[],"class_list":{"0":"post-3750","1":"product","2":"type-product","3":"status-publish","4":"has-post-thumbnail","6":"product_cat-speciale","8":"first","9":"instock","10":"shipping-taxable","11":"purchasable","12":"product-type-simple"},"jetpack_sharing_enabled":true,"_links":{"self":[{"href":"https:\/\/josepizz.fr\/index.php?rest_route=\/wp\/v2\/product\/3750","targetHints":{"allow":["GET"]}}],"collection":[{"href":"https:\/\/josepizz.fr\/index.php?rest_route=\/wp\/v2\/product"}],"about":[{"href":"https:\/\/josepizz.fr\/index.php?rest_route=\/wp\/v2\/types\/product"}],"wp:featuredmedia":[{"embeddable":true,"href":"https:\/\/josepizz.fr\/index.php?rest_route=\/wp\/v2\/media\/3835"}],"wp:attachment":[{"href":"https:\/\/josepizz.fr\/index.php?rest_route=%2Fwp%2Fv2%2Fmedia&parent=3750"}],"wp:term":[{"taxonomy":"product_brand","embeddable":true,"href":"https:\/\/josepizz.fr\/index.php?rest_route=%2Fwp%2Fv2%2Fproduct_brand&post=3750"},{"taxonomy":"product_cat","embeddable":true,"href":"https:\/\/josepizz.fr\/index.php?rest_route=%2Fwp%2Fv2%2Fproduct_cat&post=3750"},{"taxonomy":"product_tag","embeddable":true,"href":"https:\/\/josepizz.fr\/index.php?rest_route=%2Fwp%2Fv2%2Fproduct_tag&post=3750"}],"curies":[{"name":"wp","href":"https:\/\/api.w.org\/{rel}","templated":true}]}}