{"id":3847,"date":"2025-11-11T12:46:31","date_gmt":"2025-11-11T12:46:31","guid":{"rendered":"https:\/\/josepizz.fr\/?post_type=product&#038;p=3847"},"modified":"2025-11-11T12:49:15","modified_gmt":"2025-11-11T12:49:15","slug":"supreme","status":"publish","type":"product","link":"https:\/\/josepizz.fr\/?product=supreme","title":{"rendered":"Supr\u00eame"},"content":{"rendered":"<p>Avec la supr\u00eame on atteint la perfection !<\/p>\n<p>&nbsp;<\/p>\n","protected":false},"excerpt":{"rendered":"<p>Une pizza riche, g\u00e9n\u00e9reuse, raffin\u00e9e, parfaite pour l&rsquo;automne.<\/p>\n<ul>\n<li>Tomate ou sauce blanche<\/li>\n<li>Foie gras<\/li>\n<li>Magrets de canard<\/li>\n<li>Pignons de pin<\/li>\n<li>Gruy\u00e8re<\/li>\n<li>Mozzarella<\/li>\n<\/ul>\n","protected":false},"featured_media":3828,"template":"","meta":[],"product_brand":[],"product_cat":[69],"product_tag":[],"class_list":{"0":"post-3847","1":"product","2":"type-product","3":"status-publish","4":"has-post-thumbnail","6":"product_cat-speciale","8":"first","9":"instock","10":"shipping-taxable","11":"purchasable","12":"product-type-simple"},"jetpack_sharing_enabled":true,"_links":{"self":[{"href":"https:\/\/josepizz.fr\/index.php?rest_route=\/wp\/v2\/product\/3847","targetHints":{"allow":["GET"]}}],"collection":[{"href":"https:\/\/josepizz.fr\/index.php?rest_route=\/wp\/v2\/product"}],"about":[{"href":"https:\/\/josepizz.fr\/index.php?rest_route=\/wp\/v2\/types\/product"}],"wp:featuredmedia":[{"embeddable":true,"href":"https:\/\/josepizz.fr\/index.php?rest_route=\/wp\/v2\/media\/3828"}],"wp:attachment":[{"href":"https:\/\/josepizz.fr\/index.php?rest_route=%2Fwp%2Fv2%2Fmedia&parent=3847"}],"wp:term":[{"taxonomy":"product_brand","embeddable":true,"href":"https:\/\/josepizz.fr\/index.php?rest_route=%2Fwp%2Fv2%2Fproduct_brand&post=3847"},{"taxonomy":"product_cat","embeddable":true,"href":"https:\/\/josepizz.fr\/index.php?rest_route=%2Fwp%2Fv2%2Fproduct_cat&post=3847"},{"taxonomy":"product_tag","embeddable":true,"href":"https:\/\/josepizz.fr\/index.php?rest_route=%2Fwp%2Fv2%2Fproduct_tag&post=3847"}],"curies":[{"name":"wp","href":"https:\/\/api.w.org\/{rel}","templated":true}]}}