{"id":495,"date":"2019-10-11T14:04:38","date_gmt":"2019-10-11T14:04:38","guid":{"rendered":"https:\/\/donpeppe.qodeinteractive.com\/?post_type=product&#038;p=495"},"modified":"2025-07-29T17:30:28","modified_gmt":"2025-07-29T17:30:28","slug":"pizza-al-pesto","status":"publish","type":"product","link":"https:\/\/josepizz.fr\/?product=pizza-al-pesto","title":{"rendered":"Norv\u00e9gienne"},"content":{"rendered":"<p>Le saumon, typique des r\u00e9gions du Nord de l&rsquo;Europe, vient agr\u00e9menter notre pizza Norv\u00e9gienne. Une pizza sur base blanche qui change de l&rsquo;ordinaire.<\/p>\n","protected":false},"excerpt":{"rendered":"<p>Direction le Nord !<\/p>\n<ul>\n<li>Tomate<\/li>\n<li>Saumon<\/li>\n<li>Cr\u00e8me fraiche<\/li>\n<li>Gruy\u00e8re<\/li>\n<li>Mozzarella<\/li>\n<li>Olives<\/li>\n<\/ul>\n","protected":false},"featured_media":3825,"template":"","meta":[],"product_brand":[],"product_cat":[51],"product_tag":[],"class_list":{"0":"post-495","1":"product","2":"type-product","3":"status-publish","4":"has-post-thumbnail","6":"product_cat-posson","8":"first","9":"instock","10":"shipping-taxable","11":"purchasable","12":"product-type-simple"},"jetpack_sharing_enabled":true,"_links":{"self":[{"href":"https:\/\/josepizz.fr\/index.php?rest_route=\/wp\/v2\/product\/495","targetHints":{"allow":["GET"]}}],"collection":[{"href":"https:\/\/josepizz.fr\/index.php?rest_route=\/wp\/v2\/product"}],"about":[{"href":"https:\/\/josepizz.fr\/index.php?rest_route=\/wp\/v2\/types\/product"}],"wp:featuredmedia":[{"embeddable":true,"href":"https:\/\/josepizz.fr\/index.php?rest_route=\/wp\/v2\/media\/3825"}],"wp:attachment":[{"href":"https:\/\/josepizz.fr\/index.php?rest_route=%2Fwp%2Fv2%2Fmedia&parent=495"}],"wp:term":[{"taxonomy":"product_brand","embeddable":true,"href":"https:\/\/josepizz.fr\/index.php?rest_route=%2Fwp%2Fv2%2Fproduct_brand&post=495"},{"taxonomy":"product_cat","embeddable":true,"href":"https:\/\/josepizz.fr\/index.php?rest_route=%2Fwp%2Fv2%2Fproduct_cat&post=495"},{"taxonomy":"product_tag","embeddable":true,"href":"https:\/\/josepizz.fr\/index.php?rest_route=%2Fwp%2Fv2%2Fproduct_tag&post=495"}],"curies":[{"name":"wp","href":"https:\/\/api.w.org\/{rel}","templated":true}]}}